{"id":461,"date":"2026-03-24T12:18:49","date_gmt":"2026-03-24T12:18:49","guid":{"rendered":"https:\/\/schopf2.de\/mag\/?page_id=461"},"modified":"2026-03-24T12:18:49","modified_gmt":"2026-03-24T12:18:49","slug":"ueber-uns","status":"publish","type":"page","link":"https:\/\/schopf2.de\/mag\/index.php\/ueber-uns\/","title":{"rendered":"\u00dcber uns&#8230;"},"content":{"rendered":"<h2>&#8230;der Himmel.<\/h2>\n<p>Und unterhalb des Himmels ist das \u201eSchopf2Magazin\u201c ein ehrenamtliches Graswurzelmedium f\u00fcr Demokratie und Soziokultur, beheimatet beim Kulturzentrum &#8222;Kreativpioniere Freiburg-Schildacker e.V.&#8220;, im Schopf2. Mit ihm \u00f6ffnet sich ein Multimedia-Forum f\u00fcr Austausch, Aufkl\u00e4rung und Lebensfreude aus lokalen Wurzeln.<\/p>\n<p>Das Schopf2Magazin pl\u00e4diert f\u00fcr eine gelebte, kultursensible Demokratie und die Gleichberechtigung aller Geschlechter. Es w\u00e4hlt die Form eines Multimedia-Online-Magazins &#8211; gelegentlich auch in ungew\u00f6hnlichem A3-Format plakativ gedruckt.<\/p>\n<p>Angelegt ist das Projekt auf zun\u00e4chst zwei Jahre, sofern ausreichende F\u00f6rderungen \/ Spenden zustande kommen. Das B\u00fcrger\u2019innen-Magazin will, da ehrenamtlich und punktuell, also nicht in Konkurrenz zu bestehenden Medien stehend, eine konstruktive Stimme aus der Freiburger B\u00fcrger*innenschaft sein. Es will \u00fcber den Tellerrand schauen und sich fragen, was unsere Gesellschaft f\u00fcr eine ausk\u00f6mmliche, friedliche und gleiche Zukunft auf grunddemokratischer Basis braucht und wie das umgesetzt werden kann.<\/p>\n<p>Daneben sollen punktuell kulturelle Themen beleuchtet und empfohlen werden.<\/p>\n","protected":false},"excerpt":{"rendered":"<p>&#8230;der Himmel. Und unterhalb des Himmels ist das \u201eSchopf2Magazin\u201c ein ehrenamtliches Graswurzelmedium f\u00fcr Demokratie und&#8230;<\/p>\n","protected":false},"author":1,"featured_media":0,"parent":0,"menu_order":0,"comment_status":"closed","ping_status":"closed","template":"","meta":{"footnotes":""},"class_list":["post-461","page","type-page","status-publish","hentry"],"yoast_head":"<!-- This site is optimized with the Yoast SEO plugin v26.9 - https:\/\/yoast.com\/product\/yoast-seo-wordpress\/ -->\n<title>\u00dcber uns... - Schopf2Magazin<\/title>\n<meta name=\"robots\" content=\"index, follow, max-snippet:-1, max-image-preview:large, max-video-preview:-1\" \/>\n<link rel=\"canonical\" href=\"https:\/\/schopf2.de\/mag\/index.php\/ueber-uns\/\" \/>\n<meta property=\"og:locale\" content=\"de_DE\" \/>\n<meta property=\"og:type\" content=\"article\" \/>\n<meta property=\"og:title\" content=\"\u00dcber uns... - Schopf2Magazin\" \/>\n<meta property=\"og:description\" content=\"&#8230;der Himmel. Und unterhalb des Himmels ist das \u201eSchopf2Magazin\u201c ein ehrenamtliches Graswurzelmedium f\u00fcr Demokratie und...\" \/>\n<meta property=\"og:url\" content=\"https:\/\/schopf2.de\/mag\/index.php\/ueber-uns\/\" \/>\n<meta property=\"og:site_name\" content=\"Schopf2Magazin\" \/>\n<meta name=\"twitter:card\" content=\"summary_large_image\" \/>\n<meta name=\"twitter:label1\" content=\"Gesch\u00e4tzte Lesezeit\" \/>\n\t<meta name=\"twitter:data1\" content=\"1\u00a0Minute\" \/>\n<script type=\"application\/ld+json\" class=\"yoast-schema-graph\">{\"@context\":\"https:\/\/schema.org\",\"@graph\":[{\"@type\":\"WebPage\",\"@id\":\"https:\/\/schopf2.de\/mag\/index.php\/ueber-uns\/\",\"url\":\"https:\/\/schopf2.de\/mag\/index.php\/ueber-uns\/\",\"name\":\"\u00dcber uns... - Schopf2Magazin\",\"isPartOf\":{\"@id\":\"https:\/\/schopf2.de\/mag\/#website\"},\"datePublished\":\"2026-03-24T12:18:49+00:00\",\"breadcrumb\":{\"@id\":\"https:\/\/schopf2.de\/mag\/index.php\/ueber-uns\/#breadcrumb\"},\"inLanguage\":\"de\",\"potentialAction\":[{\"@type\":\"ReadAction\",\"target\":[\"https:\/\/schopf2.de\/mag\/index.php\/ueber-uns\/\"]}]},{\"@type\":\"BreadcrumbList\",\"@id\":\"https:\/\/schopf2.de\/mag\/index.php\/ueber-uns\/#breadcrumb\",\"itemListElement\":[{\"@type\":\"ListItem\",\"position\":1,\"name\":\"Start\",\"item\":\"https:\/\/schopf2.de\/mag\/\"},{\"@type\":\"ListItem\",\"position\":2,\"name\":\"\u00dcber uns&#8230;\"}]},{\"@type\":\"WebSite\",\"@id\":\"https:\/\/schopf2.de\/mag\/#website\",\"url\":\"https:\/\/schopf2.de\/mag\/\",\"name\":\"Schopf2 Medium\",\"description\":\"Ein Graswurzel-Magazin f\u00fcr Demokratie- und Soziokultur in Freiburg\",\"potentialAction\":[{\"@type\":\"SearchAction\",\"target\":{\"@type\":\"EntryPoint\",\"urlTemplate\":\"https:\/\/schopf2.de\/mag\/?s={search_term_string}\"},\"query-input\":{\"@type\":\"PropertyValueSpecification\",\"valueRequired\":true,\"valueName\":\"search_term_string\"}}],\"inLanguage\":\"de\"}]}<\/script>\n<!-- \/ Yoast SEO plugin. -->","yoast_head_json":{"title":"\u00dcber uns... - Schopf2Magazin","robots":{"index":"index","follow":"follow","max-snippet":"max-snippet:-1","max-image-preview":"max-image-preview:large","max-video-preview":"max-video-preview:-1"},"canonical":"https:\/\/schopf2.de\/mag\/index.php\/ueber-uns\/","og_locale":"de_DE","og_type":"article","og_title":"\u00dcber uns... - Schopf2Magazin","og_description":"&#8230;der Himmel. Und unterhalb des Himmels ist das \u201eSchopf2Magazin\u201c ein ehrenamtliches Graswurzelmedium f\u00fcr Demokratie und...","og_url":"https:\/\/schopf2.de\/mag\/index.php\/ueber-uns\/","og_site_name":"Schopf2Magazin","twitter_card":"summary_large_image","twitter_misc":{"Gesch\u00e4tzte Lesezeit":"1\u00a0Minute"},"schema":{"@context":"https:\/\/schema.org","@graph":[{"@type":"WebPage","@id":"https:\/\/schopf2.de\/mag\/index.php\/ueber-uns\/","url":"https:\/\/schopf2.de\/mag\/index.php\/ueber-uns\/","name":"\u00dcber uns... - Schopf2Magazin","isPartOf":{"@id":"https:\/\/schopf2.de\/mag\/#website"},"datePublished":"2026-03-24T12:18:49+00:00","breadcrumb":{"@id":"https:\/\/schopf2.de\/mag\/index.php\/ueber-uns\/#breadcrumb"},"inLanguage":"de","potentialAction":[{"@type":"ReadAction","target":["https:\/\/schopf2.de\/mag\/index.php\/ueber-uns\/"]}]},{"@type":"BreadcrumbList","@id":"https:\/\/schopf2.de\/mag\/index.php\/ueber-uns\/#breadcrumb","itemListElement":[{"@type":"ListItem","position":1,"name":"Start","item":"https:\/\/schopf2.de\/mag\/"},{"@type":"ListItem","position":2,"name":"\u00dcber uns&#8230;"}]},{"@type":"WebSite","@id":"https:\/\/schopf2.de\/mag\/#website","url":"https:\/\/schopf2.de\/mag\/","name":"Schopf2 Medium","description":"Ein Graswurzel-Magazin f\u00fcr Demokratie- und Soziokultur in Freiburg","potentialAction":[{"@type":"SearchAction","target":{"@type":"EntryPoint","urlTemplate":"https:\/\/schopf2.de\/mag\/?s={search_term_string}"},"query-input":{"@type":"PropertyValueSpecification","valueRequired":true,"valueName":"search_term_string"}}],"inLanguage":"de"}]}},"_links":{"self":[{"href":"https:\/\/schopf2.de\/mag\/index.php\/wp-json\/wp\/v2\/pages\/461","targetHints":{"allow":["GET"]}}],"collection":[{"href":"https:\/\/schopf2.de\/mag\/index.php\/wp-json\/wp\/v2\/pages"}],"about":[{"href":"https:\/\/schopf2.de\/mag\/index.php\/wp-json\/wp\/v2\/types\/page"}],"author":[{"embeddable":true,"href":"https:\/\/schopf2.de\/mag\/index.php\/wp-json\/wp\/v2\/users\/1"}],"replies":[{"embeddable":true,"href":"https:\/\/schopf2.de\/mag\/index.php\/wp-json\/wp\/v2\/comments?post=461"}],"version-history":[{"count":1,"href":"https:\/\/schopf2.de\/mag\/index.php\/wp-json\/wp\/v2\/pages\/461\/revisions"}],"predecessor-version":[{"id":462,"href":"https:\/\/schopf2.de\/mag\/index.php\/wp-json\/wp\/v2\/pages\/461\/revisions\/462"}],"wp:attachment":[{"href":"https:\/\/schopf2.de\/mag\/index.php\/wp-json\/wp\/v2\/media?parent=461"}],"curies":[{"name":"wp","href":"https:\/\/api.w.org\/{rel}","templated":true}]}}